{"id":222,"date":"2022-12-16T20:22:20","date_gmt":"2022-12-16T20:22:20","guid":{"rendered":"https:\/\/sorkkahoitajat.fi\/?page_id=222"},"modified":"2026-04-12T12:11:45","modified_gmt":"2026-04-12T12:11:45","slug":"lansi-suomi","status":"publish","type":"page","link":"https:\/\/sorkkahoitajat.fi\/?page_id=222","title":{"rendered":"L\u00e4nsi-Suomi"},"content":{"rendered":"\n<p><strong>Aleksi Honkola, A&amp;T Honkola Oy<\/strong><br>63800 Soini<br>044 361 8465<br>Toimialueena, Etel\u00e4-Pohjanmaa,&nbsp;Keski-Pohjanmaa<br>Pirkanmaa, Keski-Suomi<br>aleksi.honkola@athosat.fi<\/p>\n\n\n\n<p><strong>Jukka Kangaspusu<\/strong><br>61500 Isokyr\u00f6&nbsp;<br>040 594 5725<br>Etel\u00e4pohjanmaa ja Pohjanmaa<\/p>\n\n\n\n<p><strong>Janne Sundberg&nbsp;<\/strong><br>60800 Ilmajoki.<br>045 651 8562<br>Toimin l\u00e4hinn\u00e4 Etel\u00e4 \u2013 pohjanmaa.&nbsp;<br>Pohjanmaa tarvittaessa muuallekkin.<\/p>\n\n\n\n<p><strong>Kalle Jussila<\/strong><br>Lestij\u00e4rvi<br>Puh. 0407701793<br>L\u00e4nsi-Suomen l\u00e4\u00e4ni<\/p>\n\n\n\n<p><strong>Mika Kielinen<\/strong><br>Kauhava<br>0503591886<br>mika.kielinen@gmail.com<br>L\u00e4nsi-suomen l\u00e4\u00e4ni<\/p>\n\n\n\n<p><strong>Janne Koskela<\/strong><br>68220 Karhi(kokkola)<br>050 331 1382<br>koskelaja@gmail.com<br>l\u00e4nsisuomen ja pohjoissuomenl\u00e4\u00e4ni<\/p>\n\n\n\n<p><strong>Reijo Jyrkinen&nbsp;<\/strong>&nbsp;<br>Monipalvelut Jyrkinen Oy<br>0400 634651<br>Pirkanmaa,&nbsp; Kanta-H\u00e4me<\/p>\n\n\n\n<p><strong>Olli M\u00e4kikauppila<\/strong><br>044 048 0041<br>Sievi <br>Pohjois-pohjanmaa ja keski-pohjanmaa<\/p>\n\n\n\n<p><strong>Juho Siloma, Sorkkajussi Oy<\/strong><br>0400 167 827<br>Pet\u00e4j\u00e4vesi\/Vilppula<br>Keski-Suomi, Pirkanmaa <br>sorkkajussioy@gmail.com<\/p>\n\n\n\n<p><strong>Marko Inkinen&nbsp;<\/strong><br>4410 Murole<br>040 516 1517<br>markojuhaniinkinen@gmail.com<br>T\u00f6it\u00e4 teen Juhon kanssa.<\/p>\n\n\n\n<p><strong>Heidi Rantam\u00e4ki<\/strong><br>0408657511<br>Janakkala, Kanta-H\u00e4me, Etel\u00e4-Suomi<\/p>\n\n\n\n<p><strong>Markkanen Jouko<\/strong>, <strong>Metalvet Oy<\/strong><br>044 705 4616<br>Salo<br>Alueena lounais-suomi, satakunta ja kanta-h\u00e4me<\/p>\n\n\n\n<p><strong>Marko M\u00e4kel\u00e4<\/strong><br>040 5290583<br>Karstula<\/p>\n\n\n\n<p><strong>Timo Sillanp\u00e4\u00e4, Sorkanhoito Mustikki<\/strong><br>045 1145985<br>H\u00e4meenlinna<br>Etel\u00e4-Suomi, Pirkanmaa, Satakunta, H\u00e4me<\/p>\n\n\n\n<p><strong>Tommi Koivum\u00e4ki<\/strong><br>040 589 8502<br>Ullava (Kokkola)<br>Keski-Pohjanmaa, Pohjanmaa, Etel\u00e4-Pohjanmaa, Pohjois-Pohjanmaa, Keski-Suomi<\/p>\n\n\n\n<p><strong>Harri M\u00e4kel\u00e4<\/strong>, <strong>MaSorkka Oy<\/strong><br>044 306 8669<br>Eura<br>Satakunta, Varsinais-suomi, Pirkanmaa<\/p>\n\n\n\n<p><strong>Sorkanhoitopalvelu Raimo Autio Oy<\/strong><br>Raimo 040 572 5440<br>Petteri 045 131 9913<br>Pihtipudas\/l\u00e4hikunnat<\/p>\n\n\n\n<p><strong>Tapio Korvela<\/strong><br>040 511 2290<br>Kokkola<br>Pohjanmaa, Pohjois-Pohjanmaa, Keski-Pohjanmaa<\/p>\n\n\n\n<p><strong>Tero Tammela<\/strong><br>Kuortane<br>0400 267 336<br><a href=\"mailto:tammelatero@gmail.com\" target=\"_blank\" rel=\"noreferrer noopener\">tammelatero@gmail.com<\/a><br>Toimialueena, Etel\u00e4-Pohjanmaa, Pohjanmaa, Pirkanmaa, Satakunta<\/p>\n\n\n\n<p><strong>Patrik Lantto<\/strong><br>Sorkkahoito-Kl\u00f6vv\u00e5rd Ab<br>040 939 8846<br>Peders\u00f6re, Pohjanmaa<\/p>\n","protected":false},"excerpt":{"rendered":"<p>Aleksi Honkola, A&amp;T Honkola Oy63800 Soini044 361 8465Toimialueena, Etel\u00e4-Pohjanmaa,&nbsp;Keski-PohjanmaaPirkanmaa, Keski-Suomialeksi.honkola@athosat.fi Jukka Kangaspusu61500 Isokyr\u00f6&nbsp;040 594 5725Etel\u00e4pohjanmaa ja Pohjanmaa Janne Sundberg&nbsp;60800 Ilmajoki.045 651 8562Toimin l\u00e4hinn\u00e4 Etel\u00e4 \u2013 pohjanmaa.&nbsp;Pohjanmaa tarvittaessa muuallekkin. Kalle JussilaLestij\u00e4rviPuh. 0407701793L\u00e4nsi-Suomen l\u00e4\u00e4ni Mika KielinenKauhava0503591886mika.kielinen@gmail.comL\u00e4nsi-suomen l\u00e4\u00e4ni Janne Koskela68220 Karhi(kokkola)050 331 1382koskelaja@gmail.coml\u00e4nsisuomen ja pohjoissuomenl\u00e4\u00e4ni Reijo Jyrkinen&nbsp;&nbsp;Monipalvelut Jyrkinen Oy0400 634651Pirkanmaa,&nbsp; Kanta-H\u00e4me Olli M\u00e4kikauppila044 048 0041Sievi Pohjois-pohjanmaa ja keski-pohjanmaa [&hellip;]<\/p>\n","protected":false},"author":1,"featured_media":0,"parent":107,"menu_order":3,"comment_status":"closed","ping_status":"closed","template":"","meta":{"footnotes":""},"class_list":["post-222","page","type-page","status-publish","hentry"],"yoast_head":"<!-- This site is optimized with the Yoast SEO plugin v27.0 - https:\/\/yoast.com\/product\/yoast-seo-wordpress\/ -->\n<title>L\u00e4nsi-Suomi -<\/title>\n<meta name=\"robots\" content=\"index, follow, max-snippet:-1, max-image-preview:large, max-video-preview:-1\" \/>\n<link rel=\"canonical\" href=\"https:\/\/sorkkahoitajat.fi\/?page_id=222\" \/>\n<meta property=\"og:locale\" content=\"fi_FI\" \/>\n<meta property=\"og:type\" content=\"article\" \/>\n<meta property=\"og:title\" content=\"L\u00e4nsi-Suomi -\" \/>\n<meta property=\"og:description\" content=\"Aleksi Honkola, A&amp;T Honkola Oy63800 Soini044 361 8465Toimialueena, Etel\u00e4-Pohjanmaa,&nbsp;Keski-PohjanmaaPirkanmaa, Keski-Suomialeksi.honkola@athosat.fi Jukka Kangaspusu61500 Isokyr\u00f6&nbsp;040 594 5725Etel\u00e4pohjanmaa ja Pohjanmaa Janne Sundberg&nbsp;60800 Ilmajoki.045 651 8562Toimin l\u00e4hinn\u00e4 Etel\u00e4 \u2013 pohjanmaa.&nbsp;Pohjanmaa tarvittaessa muuallekkin. Kalle JussilaLestij\u00e4rviPuh. 0407701793L\u00e4nsi-Suomen l\u00e4\u00e4ni Mika KielinenKauhava0503591886mika.kielinen@gmail.comL\u00e4nsi-suomen l\u00e4\u00e4ni Janne Koskela68220 Karhi(kokkola)050 331 1382koskelaja@gmail.coml\u00e4nsisuomen ja pohjoissuomenl\u00e4\u00e4ni Reijo Jyrkinen&nbsp;&nbsp;Monipalvelut Jyrkinen Oy0400 634651Pirkanmaa,&nbsp; Kanta-H\u00e4me Olli M\u00e4kikauppila044 048 0041Sievi Pohjois-pohjanmaa ja keski-pohjanmaa [&hellip;]\" \/>\n<meta property=\"og:url\" content=\"https:\/\/sorkkahoitajat.fi\/?page_id=222\" \/>\n<meta property=\"article:modified_time\" content=\"2026-04-12T12:11:45+00:00\" \/>\n<meta name=\"twitter:card\" content=\"summary_large_image\" \/>\n<meta name=\"twitter:label1\" content=\"Arvioitu lukuaika\" \/>\n\t<meta name=\"twitter:data1\" content=\"2 minuuttia\" \/>\n<script type=\"application\/ld+json\" class=\"yoast-schema-graph\">{\"@context\":\"https:\/\/schema.org\",\"@graph\":[{\"@type\":\"WebPage\",\"@id\":\"https:\/\/sorkkahoitajat.fi\/?page_id=222\",\"url\":\"https:\/\/sorkkahoitajat.fi\/?page_id=222\",\"name\":\"L\u00e4nsi-Suomi -\",\"isPartOf\":{\"@id\":\"https:\/\/sorkkahoitajat.fi\/#website\"},\"datePublished\":\"2022-12-16T20:22:20+00:00\",\"dateModified\":\"2026-04-12T12:11:45+00:00\",\"breadcrumb\":{\"@id\":\"https:\/\/sorkkahoitajat.fi\/?page_id=222#breadcrumb\"},\"inLanguage\":\"fi\",\"potentialAction\":[{\"@type\":\"ReadAction\",\"target\":[\"https:\/\/sorkkahoitajat.fi\/?page_id=222\"]}]},{\"@type\":\"BreadcrumbList\",\"@id\":\"https:\/\/sorkkahoitajat.fi\/?page_id=222#breadcrumb\",\"itemListElement\":[{\"@type\":\"ListItem\",\"position\":1,\"name\":\"Etusivu\",\"item\":\"https:\/\/sorkkahoitajat.fi\/\"},{\"@type\":\"ListItem\",\"position\":2,\"name\":\"Sorkkahoitajat\",\"item\":\"https:\/\/sorkkahoitajat.fi\/?page_id=107\"},{\"@type\":\"ListItem\",\"position\":3,\"name\":\"L\u00e4nsi-Suomi\"}]},{\"@type\":\"WebSite\",\"@id\":\"https:\/\/sorkkahoitajat.fi\/#website\",\"url\":\"https:\/\/sorkkahoitajat.fi\/\",\"name\":\"\",\"description\":\"\",\"potentialAction\":[{\"@type\":\"SearchAction\",\"target\":{\"@type\":\"EntryPoint\",\"urlTemplate\":\"https:\/\/sorkkahoitajat.fi\/?s={search_term_string}\"},\"query-input\":{\"@type\":\"PropertyValueSpecification\",\"valueRequired\":true,\"valueName\":\"search_term_string\"}}],\"inLanguage\":\"fi\"}]}<\/script>\n<!-- \/ Yoast SEO plugin. -->","yoast_head_json":{"title":"L\u00e4nsi-Suomi -","robots":{"index":"index","follow":"follow","max-snippet":"max-snippet:-1","max-image-preview":"max-image-preview:large","max-video-preview":"max-video-preview:-1"},"canonical":"https:\/\/sorkkahoitajat.fi\/?page_id=222","og_locale":"fi_FI","og_type":"article","og_title":"L\u00e4nsi-Suomi -","og_description":"Aleksi Honkola, A&amp;T Honkola Oy63800 Soini044 361 8465Toimialueena, Etel\u00e4-Pohjanmaa,&nbsp;Keski-PohjanmaaPirkanmaa, Keski-Suomialeksi.honkola@athosat.fi Jukka Kangaspusu61500 Isokyr\u00f6&nbsp;040 594 5725Etel\u00e4pohjanmaa ja Pohjanmaa Janne Sundberg&nbsp;60800 Ilmajoki.045 651 8562Toimin l\u00e4hinn\u00e4 Etel\u00e4 \u2013 pohjanmaa.&nbsp;Pohjanmaa tarvittaessa muuallekkin. Kalle JussilaLestij\u00e4rviPuh. 0407701793L\u00e4nsi-Suomen l\u00e4\u00e4ni Mika KielinenKauhava0503591886mika.kielinen@gmail.comL\u00e4nsi-suomen l\u00e4\u00e4ni Janne Koskela68220 Karhi(kokkola)050 331 1382koskelaja@gmail.coml\u00e4nsisuomen ja pohjoissuomenl\u00e4\u00e4ni Reijo Jyrkinen&nbsp;&nbsp;Monipalvelut Jyrkinen Oy0400 634651Pirkanmaa,&nbsp; Kanta-H\u00e4me Olli M\u00e4kikauppila044 048 0041Sievi Pohjois-pohjanmaa ja keski-pohjanmaa [&hellip;]","og_url":"https:\/\/sorkkahoitajat.fi\/?page_id=222","article_modified_time":"2026-04-12T12:11:45+00:00","twitter_card":"summary_large_image","twitter_misc":{"Arvioitu lukuaika":"2 minuuttia"},"schema":{"@context":"https:\/\/schema.org","@graph":[{"@type":"WebPage","@id":"https:\/\/sorkkahoitajat.fi\/?page_id=222","url":"https:\/\/sorkkahoitajat.fi\/?page_id=222","name":"L\u00e4nsi-Suomi -","isPartOf":{"@id":"https:\/\/sorkkahoitajat.fi\/#website"},"datePublished":"2022-12-16T20:22:20+00:00","dateModified":"2026-04-12T12:11:45+00:00","breadcrumb":{"@id":"https:\/\/sorkkahoitajat.fi\/?page_id=222#breadcrumb"},"inLanguage":"fi","potentialAction":[{"@type":"ReadAction","target":["https:\/\/sorkkahoitajat.fi\/?page_id=222"]}]},{"@type":"BreadcrumbList","@id":"https:\/\/sorkkahoitajat.fi\/?page_id=222#breadcrumb","itemListElement":[{"@type":"ListItem","position":1,"name":"Etusivu","item":"https:\/\/sorkkahoitajat.fi\/"},{"@type":"ListItem","position":2,"name":"Sorkkahoitajat","item":"https:\/\/sorkkahoitajat.fi\/?page_id=107"},{"@type":"ListItem","position":3,"name":"L\u00e4nsi-Suomi"}]},{"@type":"WebSite","@id":"https:\/\/sorkkahoitajat.fi\/#website","url":"https:\/\/sorkkahoitajat.fi\/","name":"","description":"","potentialAction":[{"@type":"SearchAction","target":{"@type":"EntryPoint","urlTemplate":"https:\/\/sorkkahoitajat.fi\/?s={search_term_string}"},"query-input":{"@type":"PropertyValueSpecification","valueRequired":true,"valueName":"search_term_string"}}],"inLanguage":"fi"}]}},"_links":{"self":[{"href":"https:\/\/sorkkahoitajat.fi\/index.php?rest_route=\/wp\/v2\/pages\/222","targetHints":{"allow":["GET"]}}],"collection":[{"href":"https:\/\/sorkkahoitajat.fi\/index.php?rest_route=\/wp\/v2\/pages"}],"about":[{"href":"https:\/\/sorkkahoitajat.fi\/index.php?rest_route=\/wp\/v2\/types\/page"}],"author":[{"embeddable":true,"href":"https:\/\/sorkkahoitajat.fi\/index.php?rest_route=\/wp\/v2\/users\/1"}],"replies":[{"embeddable":true,"href":"https:\/\/sorkkahoitajat.fi\/index.php?rest_route=%2Fwp%2Fv2%2Fcomments&post=222"}],"version-history":[{"count":20,"href":"https:\/\/sorkkahoitajat.fi\/index.php?rest_route=\/wp\/v2\/pages\/222\/revisions"}],"predecessor-version":[{"id":377,"href":"https:\/\/sorkkahoitajat.fi\/index.php?rest_route=\/wp\/v2\/pages\/222\/revisions\/377"}],"up":[{"embeddable":true,"href":"https:\/\/sorkkahoitajat.fi\/index.php?rest_route=\/wp\/v2\/pages\/107"}],"wp:attachment":[{"href":"https:\/\/sorkkahoitajat.fi\/index.php?rest_route=%2Fwp%2Fv2%2Fmedia&parent=222"}],"curies":[{"name":"wp","href":"https:\/\/api.w.org\/{rel}","templated":true}]}}