{"id":12,"date":"2022-05-12T13:41:24","date_gmt":"2022-05-12T13:41:24","guid":{"rendered":"https:\/\/dev.sorkkahoitajat.fi\/?page_id=12"},"modified":"2024-12-01T20:15:41","modified_gmt":"2024-12-01T20:15:41","slug":"etusivu","status":"publish","type":"page","link":"https:\/\/sorkkahoitajat.fi\/","title":{"rendered":"Suomen Sorkkahoitajat"},"content":{"rendered":"\n<figure class=\"wp-block-image size-full\"><img loading=\"lazy\" decoding=\"async\" width=\"1200\" height=\"336\" src=\"https:\/\/sorkkahoitajat.fi\/wp-content\/uploads\/2022\/05\/sorkat-teksti.jpg\" alt=\"\" class=\"wp-image-8\" srcset=\"https:\/\/sorkkahoitajat.fi\/wp-content\/uploads\/2022\/05\/sorkat-teksti.jpg 1200w, https:\/\/sorkkahoitajat.fi\/wp-content\/uploads\/2022\/05\/sorkat-teksti-300x84.jpg 300w, https:\/\/sorkkahoitajat.fi\/wp-content\/uploads\/2022\/05\/sorkat-teksti-1024x287.jpg 1024w, https:\/\/sorkkahoitajat.fi\/wp-content\/uploads\/2022\/05\/sorkat-teksti-768x215.jpg 768w\" sizes=\"auto, (max-width: 1200px) 100vw, 1200px\" \/><\/figure>\n\n\n\n<p class=\"has-medium-font-size\" id=\"u3169-4\"><strong>Tervetuloa Suomen Sorkkahoitajien Yhdistyksen (SSHY) nettisivuille<\/strong>.&nbsp;Sivuilla on nautael\u00e4inten sorkkien terveytt\u00e4 edist\u00e4mist\u00e4: kuvia, tutkimustietoa, artikkeleita, keskustelua ym&#8230; kaiken karvaisten el\u00e4inten ja hoitajien kanssak\u00e4ymist\u00e4.&nbsp;Sivuilta l\u00f6ytyy mm.&nbsp;sorkkahoitajien ja SSHY:n uudet yhteystiedot.<\/p>\n\n\n\n<p class=\"has-medium-font-size\" id=\"u3169-12\"><strong>Sivut on tarkoitettu kaikille karjankasvatuksesta kiinnostuneille!<\/strong><\/p>\n\n\n\n<p class=\"has-large-font-size\"><strong>Ajankohtaista<\/strong><\/p>\n\n\n\n<p style=\"font-size:30px\">Koulutusmatka Espanjaan Hein\u00e4kuu 2023<\/p>\n\n\n\n<figure class=\"wp-block-image size-large is-resized is-style-rounded\"><img loading=\"lazy\" decoding=\"async\" width=\"768\" height=\"1024\" src=\"https:\/\/sorkkahoitajat.fi\/wp-content\/uploads\/2023\/08\/IMG_5412-768x1024.jpeg\" alt=\"\" class=\"wp-image-305\" style=\"object-fit:contain;width:349px;height:464px\" srcset=\"https:\/\/sorkkahoitajat.fi\/wp-content\/uploads\/2023\/08\/IMG_5412-768x1024.jpeg 768w, https:\/\/sorkkahoitajat.fi\/wp-content\/uploads\/2023\/08\/IMG_5412-225x300.jpeg 225w, https:\/\/sorkkahoitajat.fi\/wp-content\/uploads\/2023\/08\/IMG_5412-1152x1536.jpeg 1152w, https:\/\/sorkkahoitajat.fi\/wp-content\/uploads\/2023\/08\/IMG_5412-1536x2048.jpeg 1536w, https:\/\/sorkkahoitajat.fi\/wp-content\/uploads\/2023\/08\/IMG_5412-scaled.jpeg 1920w\" sizes=\"auto, (max-width: 768px) 100vw, 768px\" \/><\/figure>\n\n\n\n<p class=\"has-medium-font-size\">Yhdistyksen j\u00e4senet matkustivat kouluttautumaan Espanjan Gironaan, tilalle nimelt\u00e4 Mas Bes ( https:\/\/www.masbes.com\/en\/ ). Reissu oli onnistunut ja k\u00e4vij\u00e4t olivat tosi tyytyv\u00e4isi\u00e4, tapahtumaan osallistui noin 250 ihmist\u00e4 ymp\u00e4ri maailman. Koulutukset sis\u00e4ltiv\u00e4t teoriaa sek\u00e4 my\u00f6s k\u00e4yt\u00e4nn\u00f6llisemp\u00e4\u00e4 oppia. Tilalla j\u00e4rjestettiin my\u00f6s sorkanhoidon MM-kilpailut, josta mukaan j\u00e4i osallistumis-stipendi, ehk\u00e4 kultainen sorkka sitten ensi kerralla. <br><br>Kiitokset j\u00e4rjest\u00e4jille sek\u00e4 osallistujille SSHY, Suomen sorkkahoitajat ry<\/p>\n\n\n\n<figure class=\"wp-block-image size-large is-resized is-style-rounded\"><img loading=\"lazy\" decoding=\"async\" width=\"1024\" height=\"768\" src=\"https:\/\/sorkkahoitajat.fi\/wp-content\/uploads\/2023\/08\/74b24cfe-1ad3-4320-b668-6d63887cfce8-1024x768.jpeg\" alt=\"\" class=\"wp-image-306\" style=\"object-fit:cover;width:354px;height:265px\" srcset=\"https:\/\/sorkkahoitajat.fi\/wp-content\/uploads\/2023\/08\/74b24cfe-1ad3-4320-b668-6d63887cfce8-1024x768.jpeg 1024w, https:\/\/sorkkahoitajat.fi\/wp-content\/uploads\/2023\/08\/74b24cfe-1ad3-4320-b668-6d63887cfce8-300x225.jpeg 300w, https:\/\/sorkkahoitajat.fi\/wp-content\/uploads\/2023\/08\/74b24cfe-1ad3-4320-b668-6d63887cfce8-768x576.jpeg 768w, https:\/\/sorkkahoitajat.fi\/wp-content\/uploads\/2023\/08\/74b24cfe-1ad3-4320-b668-6d63887cfce8-1536x1152.jpeg 1536w, https:\/\/sorkkahoitajat.fi\/wp-content\/uploads\/2023\/08\/74b24cfe-1ad3-4320-b668-6d63887cfce8.jpeg 1600w\" sizes=\"auto, (max-width: 1024px) 100vw, 1024px\" \/><\/figure>\n\n\n\n<figure class=\"wp-block-image size-large is-resized is-style-rounded\"><img loading=\"lazy\" decoding=\"async\" width=\"948\" height=\"1024\" src=\"https:\/\/sorkkahoitajat.fi\/wp-content\/uploads\/2023\/08\/IMG_5360-scaled-e1692008575278-948x1024.jpeg\" alt=\"\" class=\"wp-image-309\" style=\"width:340px;height:367px\" srcset=\"https:\/\/sorkkahoitajat.fi\/wp-content\/uploads\/2023\/08\/IMG_5360-scaled-e1692008575278-948x1024.jpeg 948w, https:\/\/sorkkahoitajat.fi\/wp-content\/uploads\/2023\/08\/IMG_5360-scaled-e1692008575278-278x300.jpeg 278w, https:\/\/sorkkahoitajat.fi\/wp-content\/uploads\/2023\/08\/IMG_5360-scaled-e1692008575278-768x830.jpeg 768w, https:\/\/sorkkahoitajat.fi\/wp-content\/uploads\/2023\/08\/IMG_5360-scaled-e1692008575278-1421x1536.jpeg 1421w, https:\/\/sorkkahoitajat.fi\/wp-content\/uploads\/2023\/08\/IMG_5360-scaled-e1692008575278.jpeg 1749w\" sizes=\"auto, (max-width: 948px) 100vw, 948px\" \/><\/figure>\n\n\n\n<p><\/p>\n\n\n\n<p style=\"font-size:30px\">Sorkkap\u00e4iv\u00e4t Ikaalisissa 3.2.2023<\/p>\n\n\n\n<figure class=\"wp-block-image size-large is-resized is-style-rounded\"><img loading=\"lazy\" decoding=\"async\" width=\"1024\" height=\"1001\" src=\"https:\/\/sorkkahoitajat.fi\/wp-content\/uploads\/2023\/02\/3c9f0a82-7a00-4018-83ef-383423f045e1-1024x1001.jpg\" alt=\"\" class=\"wp-image-270\" style=\"width:343px;height:336px\" srcset=\"https:\/\/sorkkahoitajat.fi\/wp-content\/uploads\/2023\/02\/3c9f0a82-7a00-4018-83ef-383423f045e1-1024x1001.jpg 1024w, https:\/\/sorkkahoitajat.fi\/wp-content\/uploads\/2023\/02\/3c9f0a82-7a00-4018-83ef-383423f045e1-300x293.jpg 300w, https:\/\/sorkkahoitajat.fi\/wp-content\/uploads\/2023\/02\/3c9f0a82-7a00-4018-83ef-383423f045e1-768x751.jpg 768w, https:\/\/sorkkahoitajat.fi\/wp-content\/uploads\/2023\/02\/3c9f0a82-7a00-4018-83ef-383423f045e1.jpg 1125w\" sizes=\"auto, (max-width: 1024px) 100vw, 1024px\" \/><\/figure>\n\n\n\n<p class=\"has-medium-font-size\" id=\"u3169-17\">Saimme kansainv\u00e4lisi\u00e4 vieraita, meille k\u00e4vi luennoimassa Huw Mcconochie (zinprolta). Luennossa k\u00e4siteltiin navetta ymp\u00e4rist\u00f6n vaikutusta sorkkiin jo nuoresta i\u00e4st\u00e4 alkaen. Luennolla huomioitiin my\u00f6s parren suunnittelua ja sen esteett\u00f6myytt\u00e4 sek\u00e4 sit\u00e4 ett\u00e4 sinne olisi mukava menn\u00e4. <br><br>Saimme my\u00f6s kutsun Espanjaan Hoof Trimmin School (j\u00e4rjest\u00e4j\u00e4 Anka) tapahtumaan kes\u00e4ll\u00e4 3-4.7. Tilaisuus j\u00e4rjestet\u00e4\u00e4n Gironassa, Mas Bes farmilla joka on pitkien perinteiden perhetila.<br><br>Seuraava kokoontuminen yhdistyksen j\u00e4senille on tarkoitus j\u00e4rjest\u00e4\u00e4 ty\u00f6hyvinvoinnin nimiss\u00e4 kes\u00e4n p\u00e4\u00e4tteeksi. Tarkemmat infot tulevat postitse kev\u00e4\u00e4n aikana<br><br>Mukavaa kev\u00e4tt\u00e4 kaikille, <br>toivottaa SSHY!<\/p>\n\n\n\n<figure class=\"wp-block-image size-large is-resized\"><img loading=\"lazy\" decoding=\"async\" width=\"1024\" height=\"658\" src=\"https:\/\/sorkkahoitajat.fi\/wp-content\/uploads\/2022\/05\/sonninpaat-1024x658.jpg\" alt=\"\" class=\"wp-image-6\" style=\"width:1024px;height:658px\" srcset=\"https:\/\/sorkkahoitajat.fi\/wp-content\/uploads\/2022\/05\/sonninpaat-1024x658.jpg 1024w, https:\/\/sorkkahoitajat.fi\/wp-content\/uploads\/2022\/05\/sonninpaat-300x193.jpg 300w, https:\/\/sorkkahoitajat.fi\/wp-content\/uploads\/2022\/05\/sonninpaat-768x493.jpg 768w, https:\/\/sorkkahoitajat.fi\/wp-content\/uploads\/2022\/05\/sonninpaat-1536x987.jpg 1536w, https:\/\/sorkkahoitajat.fi\/wp-content\/uploads\/2022\/05\/sonninpaat.jpg 2000w\" sizes=\"auto, (max-width: 1024px) 100vw, 1024px\" \/><\/figure>\n","protected":false},"excerpt":{"rendered":"<p>Tervetuloa Suomen Sorkkahoitajien Yhdistyksen (SSHY) nettisivuille.&nbsp;Sivuilla on nautael\u00e4inten sorkkien terveytt\u00e4 edist\u00e4mist\u00e4: kuvia, tutkimustietoa, artikkeleita, keskustelua ym&#8230; kaiken karvaisten el\u00e4inten ja hoitajien kanssak\u00e4ymist\u00e4.&nbsp;Sivuilta l\u00f6ytyy mm.&nbsp;sorkkahoitajien ja SSHY:n uudet yhteystiedot. Sivut on tarkoitettu kaikille karjankasvatuksesta kiinnostuneille! Ajankohtaista Koulutusmatka Espanjaan Hein\u00e4kuu 2023 Yhdistyksen j\u00e4senet matkustivat kouluttautumaan Espanjan Gironaan, tilalle nimelt\u00e4 Mas Bes ( https:\/\/www.masbes.com\/en\/ ). Reissu oli onnistunut [&hellip;]<\/p>\n","protected":false},"author":1,"featured_media":0,"parent":0,"menu_order":1,"comment_status":"closed","ping_status":"closed","template":"template-full-width.php","meta":{"footnotes":""},"class_list":["post-12","page","type-page","status-publish","hentry"],"yoast_head":"<!-- This site is optimized with the Yoast SEO plugin v27.0 - https:\/\/yoast.com\/product\/yoast-seo-wordpress\/ -->\n<title>Suomen Sorkkahoitajat -<\/title>\n<meta name=\"robots\" content=\"index, follow, max-snippet:-1, max-image-preview:large, max-video-preview:-1\" \/>\n<link rel=\"canonical\" href=\"https:\/\/sorkkahoitajat.fi\/\" \/>\n<meta property=\"og:locale\" content=\"fi_FI\" \/>\n<meta property=\"og:type\" content=\"article\" \/>\n<meta property=\"og:title\" content=\"Suomen Sorkkahoitajat -\" \/>\n<meta property=\"og:description\" content=\"Tervetuloa Suomen Sorkkahoitajien Yhdistyksen (SSHY) nettisivuille.&nbsp;Sivuilla on nautael\u00e4inten sorkkien terveytt\u00e4 edist\u00e4mist\u00e4: kuvia, tutkimustietoa, artikkeleita, keskustelua ym&#8230; kaiken karvaisten el\u00e4inten ja hoitajien kanssak\u00e4ymist\u00e4.&nbsp;Sivuilta l\u00f6ytyy mm.&nbsp;sorkkahoitajien ja SSHY:n uudet yhteystiedot. Sivut on tarkoitettu kaikille karjankasvatuksesta kiinnostuneille! Ajankohtaista Koulutusmatka Espanjaan Hein\u00e4kuu 2023 Yhdistyksen j\u00e4senet matkustivat kouluttautumaan Espanjan Gironaan, tilalle nimelt\u00e4 Mas Bes ( https:\/\/www.masbes.com\/en\/ ). Reissu oli onnistunut [&hellip;]\" \/>\n<meta property=\"og:url\" content=\"https:\/\/sorkkahoitajat.fi\/\" \/>\n<meta property=\"article:modified_time\" content=\"2024-12-01T20:15:41+00:00\" \/>\n<meta property=\"og:image\" content=\"https:\/\/sorkkahoitajat.fi\/wp-content\/uploads\/2022\/05\/sorkat-teksti.jpg\" \/>\n<meta name=\"twitter:card\" content=\"summary_large_image\" \/>\n<meta name=\"twitter:label1\" content=\"Arvioitu lukuaika\" \/>\n\t<meta name=\"twitter:data1\" content=\"2 minuuttia\" \/>\n<script type=\"application\/ld+json\" class=\"yoast-schema-graph\">{\"@context\":\"https:\/\/schema.org\",\"@graph\":[{\"@type\":\"WebPage\",\"@id\":\"https:\/\/sorkkahoitajat.fi\/\",\"url\":\"https:\/\/sorkkahoitajat.fi\/\",\"name\":\"Suomen Sorkkahoitajat -\",\"isPartOf\":{\"@id\":\"https:\/\/sorkkahoitajat.fi\/#website\"},\"primaryImageOfPage\":{\"@id\":\"https:\/\/sorkkahoitajat.fi\/#primaryimage\"},\"image\":{\"@id\":\"https:\/\/sorkkahoitajat.fi\/#primaryimage\"},\"thumbnailUrl\":\"https:\/\/sorkkahoitajat.fi\/wp-content\/uploads\/2022\/05\/sorkat-teksti.jpg\",\"datePublished\":\"2022-05-12T13:41:24+00:00\",\"dateModified\":\"2024-12-01T20:15:41+00:00\",\"breadcrumb\":{\"@id\":\"https:\/\/sorkkahoitajat.fi\/#breadcrumb\"},\"inLanguage\":\"fi\",\"potentialAction\":[{\"@type\":\"ReadAction\",\"target\":[\"https:\/\/sorkkahoitajat.fi\/\"]}]},{\"@type\":\"ImageObject\",\"inLanguage\":\"fi\",\"@id\":\"https:\/\/sorkkahoitajat.fi\/#primaryimage\",\"url\":\"https:\/\/sorkkahoitajat.fi\/wp-content\/uploads\/2022\/05\/sorkat-teksti.jpg\",\"contentUrl\":\"https:\/\/sorkkahoitajat.fi\/wp-content\/uploads\/2022\/05\/sorkat-teksti.jpg\",\"width\":1200,\"height\":336},{\"@type\":\"BreadcrumbList\",\"@id\":\"https:\/\/sorkkahoitajat.fi\/#breadcrumb\",\"itemListElement\":[{\"@type\":\"ListItem\",\"position\":1,\"name\":\"Etusivu\",\"item\":\"https:\/\/sorkkahoitajat.fi\/\"},{\"@type\":\"ListItem\",\"position\":2,\"name\":\"Suomen Sorkkahoitajat\"}]},{\"@type\":\"WebSite\",\"@id\":\"https:\/\/sorkkahoitajat.fi\/#website\",\"url\":\"https:\/\/sorkkahoitajat.fi\/\",\"name\":\"\",\"description\":\"\",\"potentialAction\":[{\"@type\":\"SearchAction\",\"target\":{\"@type\":\"EntryPoint\",\"urlTemplate\":\"https:\/\/sorkkahoitajat.fi\/?s={search_term_string}\"},\"query-input\":{\"@type\":\"PropertyValueSpecification\",\"valueRequired\":true,\"valueName\":\"search_term_string\"}}],\"inLanguage\":\"fi\"}]}<\/script>\n<!-- \/ Yoast SEO plugin. -->","yoast_head_json":{"title":"Suomen Sorkkahoitajat -","robots":{"index":"index","follow":"follow","max-snippet":"max-snippet:-1","max-image-preview":"max-image-preview:large","max-video-preview":"max-video-preview:-1"},"canonical":"https:\/\/sorkkahoitajat.fi\/","og_locale":"fi_FI","og_type":"article","og_title":"Suomen Sorkkahoitajat -","og_description":"Tervetuloa Suomen Sorkkahoitajien Yhdistyksen (SSHY) nettisivuille.&nbsp;Sivuilla on nautael\u00e4inten sorkkien terveytt\u00e4 edist\u00e4mist\u00e4: kuvia, tutkimustietoa, artikkeleita, keskustelua ym&#8230; kaiken karvaisten el\u00e4inten ja hoitajien kanssak\u00e4ymist\u00e4.&nbsp;Sivuilta l\u00f6ytyy mm.&nbsp;sorkkahoitajien ja SSHY:n uudet yhteystiedot. Sivut on tarkoitettu kaikille karjankasvatuksesta kiinnostuneille! Ajankohtaista Koulutusmatka Espanjaan Hein\u00e4kuu 2023 Yhdistyksen j\u00e4senet matkustivat kouluttautumaan Espanjan Gironaan, tilalle nimelt\u00e4 Mas Bes ( https:\/\/www.masbes.com\/en\/ ). Reissu oli onnistunut [&hellip;]","og_url":"https:\/\/sorkkahoitajat.fi\/","article_modified_time":"2024-12-01T20:15:41+00:00","og_image":[{"url":"https:\/\/sorkkahoitajat.fi\/wp-content\/uploads\/2022\/05\/sorkat-teksti.jpg","type":"","width":"","height":""}],"twitter_card":"summary_large_image","twitter_misc":{"Arvioitu lukuaika":"2 minuuttia"},"schema":{"@context":"https:\/\/schema.org","@graph":[{"@type":"WebPage","@id":"https:\/\/sorkkahoitajat.fi\/","url":"https:\/\/sorkkahoitajat.fi\/","name":"Suomen Sorkkahoitajat -","isPartOf":{"@id":"https:\/\/sorkkahoitajat.fi\/#website"},"primaryImageOfPage":{"@id":"https:\/\/sorkkahoitajat.fi\/#primaryimage"},"image":{"@id":"https:\/\/sorkkahoitajat.fi\/#primaryimage"},"thumbnailUrl":"https:\/\/sorkkahoitajat.fi\/wp-content\/uploads\/2022\/05\/sorkat-teksti.jpg","datePublished":"2022-05-12T13:41:24+00:00","dateModified":"2024-12-01T20:15:41+00:00","breadcrumb":{"@id":"https:\/\/sorkkahoitajat.fi\/#breadcrumb"},"inLanguage":"fi","potentialAction":[{"@type":"ReadAction","target":["https:\/\/sorkkahoitajat.fi\/"]}]},{"@type":"ImageObject","inLanguage":"fi","@id":"https:\/\/sorkkahoitajat.fi\/#primaryimage","url":"https:\/\/sorkkahoitajat.fi\/wp-content\/uploads\/2022\/05\/sorkat-teksti.jpg","contentUrl":"https:\/\/sorkkahoitajat.fi\/wp-content\/uploads\/2022\/05\/sorkat-teksti.jpg","width":1200,"height":336},{"@type":"BreadcrumbList","@id":"https:\/\/sorkkahoitajat.fi\/#breadcrumb","itemListElement":[{"@type":"ListItem","position":1,"name":"Etusivu","item":"https:\/\/sorkkahoitajat.fi\/"},{"@type":"ListItem","position":2,"name":"Suomen Sorkkahoitajat"}]},{"@type":"WebSite","@id":"https:\/\/sorkkahoitajat.fi\/#website","url":"https:\/\/sorkkahoitajat.fi\/","name":"","description":"","potentialAction":[{"@type":"SearchAction","target":{"@type":"EntryPoint","urlTemplate":"https:\/\/sorkkahoitajat.fi\/?s={search_term_string}"},"query-input":{"@type":"PropertyValueSpecification","valueRequired":true,"valueName":"search_term_string"}}],"inLanguage":"fi"}]}},"_links":{"self":[{"href":"https:\/\/sorkkahoitajat.fi\/index.php?rest_route=\/wp\/v2\/pages\/12","targetHints":{"allow":["GET"]}}],"collection":[{"href":"https:\/\/sorkkahoitajat.fi\/index.php?rest_route=\/wp\/v2\/pages"}],"about":[{"href":"https:\/\/sorkkahoitajat.fi\/index.php?rest_route=\/wp\/v2\/types\/page"}],"author":[{"embeddable":true,"href":"https:\/\/sorkkahoitajat.fi\/index.php?rest_route=\/wp\/v2\/users\/1"}],"replies":[{"embeddable":true,"href":"https:\/\/sorkkahoitajat.fi\/index.php?rest_route=%2Fwp%2Fv2%2Fcomments&post=12"}],"version-history":[{"count":20,"href":"https:\/\/sorkkahoitajat.fi\/index.php?rest_route=\/wp\/v2\/pages\/12\/revisions"}],"predecessor-version":[{"id":335,"href":"https:\/\/sorkkahoitajat.fi\/index.php?rest_route=\/wp\/v2\/pages\/12\/revisions\/335"}],"wp:attachment":[{"href":"https:\/\/sorkkahoitajat.fi\/index.php?rest_route=%2Fwp%2Fv2%2Fmedia&parent=12"}],"curies":[{"name":"wp","href":"https:\/\/api.w.org\/{rel}","templated":true}]}}