{"id":107,"date":"2022-10-30T17:51:43","date_gmt":"2022-10-30T17:51:43","guid":{"rendered":"https:\/\/dev.sorkkahoitajat.fi\/?page_id=107"},"modified":"2026-04-12T12:10:53","modified_gmt":"2026-04-12T12:10:53","slug":"jasenet-2","status":"publish","type":"page","link":"https:\/\/sorkkahoitajat.fi\/?page_id=107","title":{"rendered":"Sorkkahoitajat"},"content":{"rendered":"\n<style>\n\t#hotspot-241 .hotspots-image-container,\n\t#hotspot-241 .leaflet-container {\n\t\tbackground: #efefef\t}\n\n\t#hotspot-241 .hotspots-placeholder {\n\t\tbackground: #2E2D29;\n\t\tborder: 0 #2E2D29 solid;\n\t\tcolor: #DFEBE5;\n\t}\n\n\t#hotspot-241 .hotspot-title {\n\t\tcolor: #93C7A4;\n\t}\n\n\t\t\t#hotspot-241 .hotspot-default {\n\t\t\tstroke-width: 2;\n\t\t\tfill: #ffffff;\n\t\t\tfill-opacity: 0;\n\t\t\tstroke: #ffffff;\n\t\t\tstroke-opacity: 0;\n\t\t}\n\t\t#hotspot-241 .hotspot-default:hover,\n\t\t#hotspot-241 .hotspot-default:focus-visible,\n\t\t#hotspot-241 .hotspot-default.hotspot-active {\n\t\t\tfill: #3CA2A2;\n\t\t\tfill-opacity: 0.71;\n\t\t\tstroke: #235B6E;\n\t\t\tstroke-opacity: 1.01;\n\t\t}\n\t\t#hotspot-241 .leaflet-tooltip,\n\t#hotspot-241 .leaflet-rrose-content-wrapper {\n\t\tbackground: #2E2D29;\n\t\tborder-color: #2E2D29;\n\t\tcolor: #DFEBE5;\n\t}\n\n\t#hotspot-241 a.leaflet-rrose-close-button {\n\t\tcolor: #93C7A4;\n\t}\n\n\t#hotspot-241 .leaflet-rrose-tip {\n\t\tbackground: #2E2D29;\n\t}\n\n\t#hotspot-241 .leaflet-popup-scrolled {\n\t\tborder-bottom-color: #DFEBE5;\n\t\tborder-top-color: #DFEBE5;\n\t}\n\n\t#hotspot-241 .leaflet-tooltip-top:before {\n\t\tborder-top-color: #2E2D29;\n\t}\n\n\t#hotspot-241 .leaflet-tooltip-bottom:before {\n\t\tborder-bottom-color: #2E2D29;\n\t}\n\t#hotspot-241 .leaflet-tooltip-left:before {\n\t\tborder-left-color: #2E2D29;\n\t}\n\t#hotspot-241 .leaflet-tooltip-right:before {\n\t\tborder-right-color: #2E2D29;\n\t}\n<\/style>\n\n\t\n\t<div class=\"hotspots-container links-only layout-left event-click\" id=\"hotspot-241\" data-layout=\"left\" data-trigger=\"click\">\n\t\t<div class=\"hotspots-interaction\">\n\t\t\t<div class=\"hotspots-image-container\">\n\t<img\n\t\twidth=\"413\"\n\t\theight=\"709\"\n\t\tsrc=\"https:\/\/sorkkahoitajat.fi\/wp-content\/uploads\/2022\/12\/Kartta-kuva-OK-1.jpg\"\n\t\talt=\"Suomen Sorkkahoitajat alueittain\"\n\t\tclass=\"hotspots-image skip-lazy\"\n\t\tusemap=\"#hotspots-image-241\"\n\t\tdata-image-title=\"Suomen Sorkkahoitajat alueittain\"\n\t\tdata-image-description=\"\"\n\t\tdata-event-trigger=\"click\"\n\t\tdata-always-visible=\"false\"\n\t\tdata-id=\"241\"\n\t\tdata-no-lazy=\"1\"\n\t\tdata-lazy-src=\"\"\n\t\tdata-lazy=\"false\"\n\t\tloading=\"eager\"\n\t\tdata-skip-lazy=\"1\"\n\t\t>\n<\/div>\t\t<\/div>\n\t\t<map name=\"hotspots-image-241\" class=\"hotspots-map\">\n\t\t\t\t\t\t\t\t\t\t\t<area\n\t\t\t\t\tshape=\"polygon\"\n\t\t\t\t\tcoords=\"159,376,204,428,233,466,233,538,175,568,132,595,146,619,115,661,33,552,98,415\"\n\t\t\t\t\thref=\"https:\/\/sorkkahoitajat.fi\/?page_id=222\"\n\t\t\t\t\trel=\"\"\n\t\t\t\t\ttitle=\"L\u00e4nsi-Suomi\"\n\t\t\t\t\talt=\"L\u00e4nsi-Suomi\"\n\t\t\t\t\tdata-action=\"url\"\n\t\t\t\t\tdata-color-scheme=\"\"\n\t\t\t\t\ttarget=\"\"\n\t\t\t\t\tclass=\"url-area\"\n\t\t\t\t\t>\n\t\t\t\t\t\t\t\t\t\t\t<area\n\t\t\t\t\tshape=\"polygon\"\n\t\t\t\t\tcoords=\"121,657,156,612,140,593,231,550,259,576,353,541,269,672\"\n\t\t\t\t\thref=\"https:\/\/sorkkahoitajat.fi\/?page_id=227\"\n\t\t\t\t\trel=\"\"\n\t\t\t\t\ttitle=\"Etel\u00e4-Suomi\"\n\t\t\t\t\talt=\"Etel\u00e4-Suomi\"\n\t\t\t\t\tdata-action=\"url\"\n\t\t\t\t\tdata-color-scheme=\"\"\n\t\t\t\t\ttarget=\"\"\n\t\t\t\t\tclass=\"url-area\"\n\t\t\t\t\t>\n\t\t\t\t\t\t\t\t\t\t\t<area\n\t\t\t\t\tshape=\"polygon\"\n\t\t\t\t\tcoords=\"352,409,233,395,237,554,381,529,402,454\"\n\t\t\t\t\thref=\"https:\/\/sorkkahoitajat.fi\/?page_id=225\"\n\t\t\t\t\trel=\"\"\n\t\t\t\t\ttitle=\"It\u00e4-Suomi\"\n\t\t\t\t\talt=\"It\u00e4-Suomi\"\n\t\t\t\t\tdata-action=\"url\"\n\t\t\t\t\tdata-color-scheme=\"\"\n\t\t\t\t\ttarget=\"\"\n\t\t\t\t\tclass=\"url-area\"\n\t\t\t\t\t>\n\t\t\t\t\t\t\t\t\t\t\t<area\n\t\t\t\t\tshape=\"polygon\"\n\t\t\t\t\tcoords=\"201,305,156,376,226,429,245,380,359,403,362,222\"\n\t\t\t\t\thref=\"https:\/\/sorkkahoitajat.fi\/?page_id=219\"\n\t\t\t\t\trel=\"\"\n\t\t\t\t\ttitle=\"Oulun L\u00e4\u00e4ni\"\n\t\t\t\t\talt=\"Oulun L\u00e4\u00e4ni\"\n\t\t\t\t\tdata-action=\"url\"\n\t\t\t\t\tdata-color-scheme=\"\"\n\t\t\t\t\ttarget=\"\"\n\t\t\t\t\tclass=\"url-area\"\n\t\t\t\t\t>\n\t\t\t\t\t\t\t\t\t\t\t<area\n\t\t\t\t\tshape=\"polygon\"\n\t\t\t\t\tcoords=\"103,54,176,308,357,217,314,6\"\n\t\t\t\t\thref=\"https:\/\/sorkkahoitajat.fi\/?page_id=216\"\n\t\t\t\t\trel=\"\"\n\t\t\t\t\ttitle=\"Lappi\"\n\t\t\t\t\talt=\"Lappi\"\n\t\t\t\t\tdata-action=\"url\"\n\t\t\t\t\tdata-color-scheme=\"\"\n\t\t\t\t\ttarget=\"\"\n\t\t\t\t\tclass=\"url-area\"\n\t\t\t\t\t>\n\t\t\t\t\t<\/map>\n\n\t\t\n\t\t\t\t\t\t\t\t\t\t\t\t\t\t\t\t\t\t<\/div>\n\n\n\n\n<p><strong>HOX! Uusi sivusto ja p\u00e4ivit\u00e4mme t\u00e4nne listaan aktiiviset hoitajat, jos haluat yhteystietosi listalle ole yhteydess\u00e4 puheenjohtajaan\/sihteeriin<\/strong><\/p>\n\n\n\n<p><strong>Piia Korppi<\/strong><br>040 082 5695<br>ammusalonki@gmail.com<br>Kymenlaakso, Etel\u00e4suomen L\u00e4\u00e4ni<\/p>\n\n\n\n<p><strong>Janne Lundgren<\/strong><br>0505932400<br>janne.lundgren@saunalahti.fi<br>Etel\u00e4-Suomi<\/p>\n\n\n\n<p><strong>Aleksi Honkola,<\/strong> <strong>A&amp;T Honkola Oy<\/strong><br>63800 Soini<br>044 361 8465&nbsp;<br>Toimialueena, Etel\u00e4-Pohjanmaa,&nbsp;Keski-Pohjanmaa<br>Pirkanmaa, Keski-Suomi<br>aleksi.honkola@athosat.fi<\/p>\n\n\n\n<p><strong>Jukka Kangaspusu<\/strong><br>61500 Isokyr\u00f6&nbsp;<br>040 594 5725<br>Etel\u00e4pohjanmaa ja Pohjanmaa<\/p>\n\n\n\n<p><strong>Jouko Laamanen<\/strong><br>joukolaamanen@gmail.com<br>Puh. 0400435310<br>Toiminta-alue Etel\u00e4 Karjala, Etel\u00e4 Savo, Kymenlaakso<\/p>\n\n\n\n<p><strong>Janne Sundberg&nbsp;<\/strong><br>60800 Ilmajoki.<br>045 651 8562<br>Toimin l\u00e4hinn\u00e4 Etel\u00e4 \u2013 pohjanmaa.&nbsp;<br>Pohjanmaa tarvittaessa muuallekkin.<\/p>\n\n\n\n<p><strong>Kalle Jussila<\/strong><br>Lestij\u00e4rvi<br>Puh. 0407701793<br>L\u00e4nsi-Suomen l\u00e4\u00e4ni<\/p>\n\n\n\n<p><strong>Mika Kielinen<\/strong><br>Kauhava<br>0503591886<br>mika.kielinen@gmail.com<br>L\u00e4nsi-suomen l\u00e4\u00e4ni<\/p>\n\n\n\n<p><strong>Sami Kek\u00e4l\u00e4inen<\/strong><br>Tuusniemi<br>044 327 4868<br>Toimialue Savo-Karjala<\/p>\n\n\n\n<p><strong>Milla ja Marko Kaikkonen<\/strong><br>Kiuruvesi&nbsp;<br>0400 324 934<br>millatikkanen@msn.com<br>It\u00e4-Suomen l\u00e4\u00e4ni, Pohjois-Pohjanmaa<\/p>\n\n\n\n<p><strong>Tuomo Tukiainen<\/strong><br>Juankoski<br>040 527 8379<br>tuomoatukiainen@gmail.com<br>It\u00e4-Suomen l\u00e4\u00e4ni<\/p>\n\n\n\n<p><strong>Tuomo Pulliainen<\/strong><br>0400 550 034<br>Keski-Savo,Pohjois-Savo,Etel\u00e4-Savo,Keski-Suomi,<br>It\u00e4-Savo ja P\u00e4ij\u00e4t-H\u00e4me<\/p>\n\n\n\n<p><strong>Mika Juntunen&nbsp;<\/strong><br>Sonkaj\u00e4rvi<br>0400 175343<br>Leikkaan Yl\u00e4-Savossa ja etel\u00e4isess\u00e4 Kainuussa<\/p>\n\n\n\n<p><strong>Janne Koskela<\/strong><br>68220 Karhi(kokkola)<br>050 331 1382<br>koskelaja@gmail.com<br>l\u00e4nsisuomen ja pohjoissuomenl\u00e4\u00e4ni<\/p>\n\n\n\n<p><strong>Reijo Jyrkinen&nbsp;<\/strong>&nbsp;<br>Monipalvelut Jyrkinen Oy<br>0400 634651<br>Pirkanmaa,&nbsp; Kanta-H\u00e4me<\/p>\n\n\n\n<p><strong>Matti Potila<\/strong><br>69300 Toholampi<br>0500 583 081<br>email. matti.potila@kotinet.com<br>Alueet Oulun l\u00e4\u00e4ni ja&nbsp;L\u00e4nsi Suomen l\u00e4\u00e4ni<\/p>\n\n\n\n<p><strong>Tanja Helisten<\/strong><br>Siikalatva<br>045 355 4515<br>tanja.kemppainen@sorkkahoitajat.fi<br>Oulun l\u00e4\u00e4ni<\/p>\n\n\n\n<p><strong>Jani Somero&nbsp;<\/strong><br>Alavieska&nbsp;<br>040 523 7235&nbsp;<br>Oulun l\u00e4\u00e4ni<\/p>\n\n\n\n<p><strong>Jussi Ylitalo<\/strong><br>Tervola<br>040 513 1929<br>jussiyli@hotmail.fi<br>Lapinl\u00e4\u00e4ni<\/p>\n\n\n\n<p><strong>Antti Vuolo<\/strong><br>Raanuj\u00e4rvi<br>040 564 3871<br>antti.vuolo@gmail.com<br>Lappi<\/p>\n\n\n\n<p><strong>Olli M\u00e4kikauppila<\/strong><br>044 048 0041<br>Sievi Pohjois-pohjanmaa ja keski-pohjanmaa<\/p>\n\n\n\n<p><strong>Juho Siloma, Sorkkajussi Oy<\/strong><br>Pet\u00e4j\u00e4vesi\/Vilppula<br>Alueena Keski-Suomi ja Pirkanmaa <br>0400 167 827<br>sorkkajussioy@gmail.com<\/p>\n\n\n\n<p><strong>Marko Inkinen&nbsp;<\/strong><br>4410 Murole<br>040 516 1517<br>markojuhaniinkinen@gmail.com<br>T\u00f6it\u00e4 teen Juhon kanssa.<\/p>\n\n\n\n<p><strong>Dani Eklund<\/strong><br>19600 Hartola&nbsp;<br>danieklund@hotmail.com<br>040 701 7615<\/p>\n\n\n\n<p><strong>Kaisu Parkkinen<\/strong><br>0504388120<br>Kiuruvesi\/Kuhmo<br>Pohjois-Savo, Pohjois-Pohjanmaa, Kainuu<\/p>\n\n\n\n<p><strong>Niko Partanen<\/strong><br>0400222391<br>Kiuruvesi\/Kuhmo<br>Pohjois-Savo, Pohjois-Pohjanmaa, Kainuu<\/p>\n\n\n\n<p><strong>Heidi Rantam\u00e4ki<\/strong><br>0408657511<br>Janakkala, Kanta-H\u00e4me, Etel\u00e4-Suomi<\/p>\n\n\n\n<p><strong>Markus Raappana<\/strong><br>0445955259<br>Nivala Pohjois-Pohjanmaa<\/p>\n\n\n\n<p><strong>Matti Hassinen<\/strong><br>040 5070496<br>Keski-Karjala, Pohjois-Karjala&nbsp;<\/p>\n\n\n\n<p><strong>Heli Gr\u00f6hn<\/strong>, <strong>Hoof Care Finland Oy<\/strong><br>Kiuruvesi<br>040 538 9250<br>heli@heluna.fi<br>Pohjois-Savo, Etel\u00e4-pohjanmaa, Etel\u00e4-savo, Meri-lappi,<br> Pohjois-karjala, Etel\u00e4-karjala<\/p>\n\n\n\n<p><strong>Antti Poutiainen,<\/strong><br>Nilsi\u00e4<br>044 0599601<br><a href=\"mailto:anttipouti@gmail.com\">anttipouti@gmail.com<\/a><br>It\u00e4-Suomen L\u00e4\u00e4ni<\/p>\n\n\n\n<p><strong>Markkanen Jouko<\/strong>, <strong>Metalvet Oy<\/strong><br>044 705 4616<br>Salo<br>Alueena lounais-suomi, satakunta ja kanta-h\u00e4me<\/p>\n\n\n\n<p><strong>Tarmo Valdonen<\/strong>, <strong>Sorkkahoito Valdonen tiimi Oy<\/strong><br>Loppi<br>0400 105 577<br>tarmo1980@luukku.com<br>Etel\u00e4-Suomi<\/p>\n\n\n\n<p><strong>Petteri Lehvonen<\/strong><br>0400 204 331<br>petteri.lehvonen@gmail.com<br>Pieks\u00e4m\u00e4ki<br>It\u00e4-Suomi, P\u00e4ij\u00e4t-H\u00e4me, Keski-Suomi, Kanta-H\u00e4me<\/p>\n\n\n\n<p><strong>Marko Vartiainen<\/strong><br>0400 410 553<br>Haapaj\u00e4rvi<\/p>\n\n\n\n<p><strong>Marko M\u00e4kel\u00e4<\/strong><br>040 529 0583<br>Karstula<\/p>\n\n\n\n<p><strong>Dani Eklund<\/strong><br>040 701 7615<br>Hartola<\/p>\n\n\n\n<p><strong>Timo Sillanp\u00e4\u00e4, Sorkanhoito Mustikki<\/strong><br>045 1145985<br>H\u00e4meenlinna<br>Etel\u00e4-Suomi, Pirkanmaa, Satakunta, H\u00e4me<\/p>\n\n\n\n<p><strong>Tommi Koivum\u00e4ki<\/strong><br>040 589 8502<br>Ullava (Kokkola)<br>Keski-Pohjanmaa, Pohjanmaa, Etel\u00e4-Pohjanmaa, Pohjois-Pohjanmaa, Keski-Suomi<\/p>\n\n\n\n<p><strong>Harri M\u00e4kel\u00e4<\/strong>, <strong>MaSorkka Oy<\/strong><br>044 306 8669<br>Eura<br>Satakunta, Varsinais-suomi, Pirkanmaa<\/p>\n\n\n\n<p><strong>Sorkanhoitopalvelu Raimo Autio Oy<\/strong><br>Raimo 040 572 5440<br>Petteri 045 131 9913<br>Pihtipudas\/l\u00e4hikunnat<\/p>\n\n\n\n<p><strong>Tommi Huostila<\/strong><br>040 801 4396<br>H\u00e4meenlinna<br>Kanta-H\u00e4me, P\u00e4ij\u00e4t-H\u00e4me, Pirkanmaa<\/p>\n\n\n\n<p><strong>Tapio Korvela<\/strong><br>040 511 2290<br>Kokkola<br>Pohjanmaa, Pohjois-Pohjanmaa, Keski-Pohjanmaa<\/p>\n\n\n\n<p><strong>Tero Tammela<\/strong><br>Kuortane<br>0400 267 336<br><a href=\"mailto:tammelatero@gmail.com\" target=\"_blank\" rel=\"noreferrer noopener\">tammelatero@gmail.com<\/a><br>Toimialueena, Etel\u00e4-Pohjanmaa, Pohjanmaa, Pirkanmaa, Satakunta&nbsp;<\/p>\n\n\n\n<p><strong>Patrik Lantto<\/strong><br>Sorkkahoito-Kl\u00f6vv\u00e5rd Ab<br>040 939 8846<br>Peders\u00f6re, Pohjanmaa<\/p>\n\n\n\n<p><\/p>\n","protected":false},"excerpt":{"rendered":"<p>HOX! Uusi sivusto ja p\u00e4ivit\u00e4mme t\u00e4nne listaan aktiiviset hoitajat, jos haluat yhteystietosi listalle ole yhteydess\u00e4 puheenjohtajaan\/sihteeriin Piia Korppi040 082 5695ammusalonki@gmail.comKymenlaakso, Etel\u00e4suomen L\u00e4\u00e4ni Janne Lundgren0505932400janne.lundgren@saunalahti.fiEtel\u00e4-Suomi Aleksi Honkola, A&amp;T Honkola Oy63800 Soini044 361 8465&nbsp;Toimialueena, Etel\u00e4-Pohjanmaa,&nbsp;Keski-PohjanmaaPirkanmaa, Keski-Suomialeksi.honkola@athosat.fi Jukka Kangaspusu61500 Isokyr\u00f6&nbsp;040 594 5725Etel\u00e4pohjanmaa ja Pohjanmaa Jouko Laamanenjoukolaamanen@gmail.comPuh. 0400435310Toiminta-alue Etel\u00e4 Karjala, Etel\u00e4 Savo, Kymenlaakso Janne Sundberg&nbsp;60800 Ilmajoki.045 651 8562Toimin l\u00e4hinn\u00e4 [&hellip;]<\/p>\n","protected":false},"author":1,"featured_media":0,"parent":0,"menu_order":0,"comment_status":"closed","ping_status":"closed","template":"template-full-width.php","meta":{"footnotes":""},"class_list":["post-107","page","type-page","status-publish","hentry"],"yoast_head":"<!-- This site is optimized with the Yoast SEO plugin v27.0 - https:\/\/yoast.com\/product\/yoast-seo-wordpress\/ -->\n<title>Sorkkahoitajat -<\/title>\n<meta name=\"robots\" content=\"index, follow, max-snippet:-1, max-image-preview:large, max-video-preview:-1\" \/>\n<link rel=\"canonical\" href=\"https:\/\/sorkkahoitajat.fi\/?page_id=107\" \/>\n<meta property=\"og:locale\" content=\"fi_FI\" \/>\n<meta property=\"og:type\" content=\"article\" \/>\n<meta property=\"og:title\" content=\"Sorkkahoitajat -\" \/>\n<meta property=\"og:description\" content=\"HOX! Uusi sivusto ja p\u00e4ivit\u00e4mme t\u00e4nne listaan aktiiviset hoitajat, jos haluat yhteystietosi listalle ole yhteydess\u00e4 puheenjohtajaan\/sihteeriin Piia Korppi040 082 5695ammusalonki@gmail.comKymenlaakso, Etel\u00e4suomen L\u00e4\u00e4ni Janne Lundgren0505932400janne.lundgren@saunalahti.fiEtel\u00e4-Suomi Aleksi Honkola, A&amp;T Honkola Oy63800 Soini044 361 8465&nbsp;Toimialueena, Etel\u00e4-Pohjanmaa,&nbsp;Keski-PohjanmaaPirkanmaa, Keski-Suomialeksi.honkola@athosat.fi Jukka Kangaspusu61500 Isokyr\u00f6&nbsp;040 594 5725Etel\u00e4pohjanmaa ja Pohjanmaa Jouko Laamanenjoukolaamanen@gmail.comPuh. 0400435310Toiminta-alue Etel\u00e4 Karjala, Etel\u00e4 Savo, Kymenlaakso Janne Sundberg&nbsp;60800 Ilmajoki.045 651 8562Toimin l\u00e4hinn\u00e4 [&hellip;]\" \/>\n<meta property=\"og:url\" content=\"https:\/\/sorkkahoitajat.fi\/?page_id=107\" \/>\n<meta property=\"article:modified_time\" content=\"2026-04-12T12:10:53+00:00\" \/>\n<meta name=\"twitter:card\" content=\"summary_large_image\" \/>\n<meta name=\"twitter:label1\" content=\"Arvioitu lukuaika\" \/>\n\t<meta name=\"twitter:data1\" content=\"3 minuuttia\" \/>\n<script type=\"application\/ld+json\" class=\"yoast-schema-graph\">{\"@context\":\"https:\/\/schema.org\",\"@graph\":[{\"@type\":\"WebPage\",\"@id\":\"https:\/\/sorkkahoitajat.fi\/?page_id=107\",\"url\":\"https:\/\/sorkkahoitajat.fi\/?page_id=107\",\"name\":\"Sorkkahoitajat -\",\"isPartOf\":{\"@id\":\"https:\/\/sorkkahoitajat.fi\/#website\"},\"datePublished\":\"2022-10-30T17:51:43+00:00\",\"dateModified\":\"2026-04-12T12:10:53+00:00\",\"breadcrumb\":{\"@id\":\"https:\/\/sorkkahoitajat.fi\/?page_id=107#breadcrumb\"},\"inLanguage\":\"fi\",\"potentialAction\":[{\"@type\":\"ReadAction\",\"target\":[\"https:\/\/sorkkahoitajat.fi\/?page_id=107\"]}]},{\"@type\":\"BreadcrumbList\",\"@id\":\"https:\/\/sorkkahoitajat.fi\/?page_id=107#breadcrumb\",\"itemListElement\":[{\"@type\":\"ListItem\",\"position\":1,\"name\":\"Etusivu\",\"item\":\"https:\/\/sorkkahoitajat.fi\/\"},{\"@type\":\"ListItem\",\"position\":2,\"name\":\"Sorkkahoitajat\"}]},{\"@type\":\"WebSite\",\"@id\":\"https:\/\/sorkkahoitajat.fi\/#website\",\"url\":\"https:\/\/sorkkahoitajat.fi\/\",\"name\":\"\",\"description\":\"\",\"potentialAction\":[{\"@type\":\"SearchAction\",\"target\":{\"@type\":\"EntryPoint\",\"urlTemplate\":\"https:\/\/sorkkahoitajat.fi\/?s={search_term_string}\"},\"query-input\":{\"@type\":\"PropertyValueSpecification\",\"valueRequired\":true,\"valueName\":\"search_term_string\"}}],\"inLanguage\":\"fi\"}]}<\/script>\n<!-- \/ Yoast SEO plugin. -->","yoast_head_json":{"title":"Sorkkahoitajat -","robots":{"index":"index","follow":"follow","max-snippet":"max-snippet:-1","max-image-preview":"max-image-preview:large","max-video-preview":"max-video-preview:-1"},"canonical":"https:\/\/sorkkahoitajat.fi\/?page_id=107","og_locale":"fi_FI","og_type":"article","og_title":"Sorkkahoitajat -","og_description":"HOX! Uusi sivusto ja p\u00e4ivit\u00e4mme t\u00e4nne listaan aktiiviset hoitajat, jos haluat yhteystietosi listalle ole yhteydess\u00e4 puheenjohtajaan\/sihteeriin Piia Korppi040 082 5695ammusalonki@gmail.comKymenlaakso, Etel\u00e4suomen L\u00e4\u00e4ni Janne Lundgren0505932400janne.lundgren@saunalahti.fiEtel\u00e4-Suomi Aleksi Honkola, A&amp;T Honkola Oy63800 Soini044 361 8465&nbsp;Toimialueena, Etel\u00e4-Pohjanmaa,&nbsp;Keski-PohjanmaaPirkanmaa, Keski-Suomialeksi.honkola@athosat.fi Jukka Kangaspusu61500 Isokyr\u00f6&nbsp;040 594 5725Etel\u00e4pohjanmaa ja Pohjanmaa Jouko Laamanenjoukolaamanen@gmail.comPuh. 0400435310Toiminta-alue Etel\u00e4 Karjala, Etel\u00e4 Savo, Kymenlaakso Janne Sundberg&nbsp;60800 Ilmajoki.045 651 8562Toimin l\u00e4hinn\u00e4 [&hellip;]","og_url":"https:\/\/sorkkahoitajat.fi\/?page_id=107","article_modified_time":"2026-04-12T12:10:53+00:00","twitter_card":"summary_large_image","twitter_misc":{"Arvioitu lukuaika":"3 minuuttia"},"schema":{"@context":"https:\/\/schema.org","@graph":[{"@type":"WebPage","@id":"https:\/\/sorkkahoitajat.fi\/?page_id=107","url":"https:\/\/sorkkahoitajat.fi\/?page_id=107","name":"Sorkkahoitajat -","isPartOf":{"@id":"https:\/\/sorkkahoitajat.fi\/#website"},"datePublished":"2022-10-30T17:51:43+00:00","dateModified":"2026-04-12T12:10:53+00:00","breadcrumb":{"@id":"https:\/\/sorkkahoitajat.fi\/?page_id=107#breadcrumb"},"inLanguage":"fi","potentialAction":[{"@type":"ReadAction","target":["https:\/\/sorkkahoitajat.fi\/?page_id=107"]}]},{"@type":"BreadcrumbList","@id":"https:\/\/sorkkahoitajat.fi\/?page_id=107#breadcrumb","itemListElement":[{"@type":"ListItem","position":1,"name":"Etusivu","item":"https:\/\/sorkkahoitajat.fi\/"},{"@type":"ListItem","position":2,"name":"Sorkkahoitajat"}]},{"@type":"WebSite","@id":"https:\/\/sorkkahoitajat.fi\/#website","url":"https:\/\/sorkkahoitajat.fi\/","name":"","description":"","potentialAction":[{"@type":"SearchAction","target":{"@type":"EntryPoint","urlTemplate":"https:\/\/sorkkahoitajat.fi\/?s={search_term_string}"},"query-input":{"@type":"PropertyValueSpecification","valueRequired":true,"valueName":"search_term_string"}}],"inLanguage":"fi"}]}},"_links":{"self":[{"href":"https:\/\/sorkkahoitajat.fi\/index.php?rest_route=\/wp\/v2\/pages\/107","targetHints":{"allow":["GET"]}}],"collection":[{"href":"https:\/\/sorkkahoitajat.fi\/index.php?rest_route=\/wp\/v2\/pages"}],"about":[{"href":"https:\/\/sorkkahoitajat.fi\/index.php?rest_route=\/wp\/v2\/types\/page"}],"author":[{"embeddable":true,"href":"https:\/\/sorkkahoitajat.fi\/index.php?rest_route=\/wp\/v2\/users\/1"}],"replies":[{"embeddable":true,"href":"https:\/\/sorkkahoitajat.fi\/index.php?rest_route=%2Fwp%2Fv2%2Fcomments&post=107"}],"version-history":[{"count":47,"href":"https:\/\/sorkkahoitajat.fi\/index.php?rest_route=\/wp\/v2\/pages\/107\/revisions"}],"predecessor-version":[{"id":376,"href":"https:\/\/sorkkahoitajat.fi\/index.php?rest_route=\/wp\/v2\/pages\/107\/revisions\/376"}],"wp:attachment":[{"href":"https:\/\/sorkkahoitajat.fi\/index.php?rest_route=%2Fwp%2Fv2%2Fmedia&parent=107"}],"curies":[{"name":"wp","href":"https:\/\/api.w.org\/{rel}","templated":true}]}}